{"id":52,"date":"2024-06-20T15:31:05","date_gmt":"2024-06-20T15:31:05","guid":{"rendered":"https:\/\/vougafruits.pt\/?page_id=52"},"modified":"2025-04-29T10:45:42","modified_gmt":"2025-04-29T10:45:42","slug":"comercializacao","status":"publish","type":"page","link":"https:\/\/vougafruits.pt\/en\/comercializacao\/","title":{"rendered":"Commercialization"},"content":{"rendered":"<p style=\"text-align: justify;\">The fruit we supply is grown in ideal soil, climate and temperature conditions - natural factors that raise the standards of taste, freshness and quality. We produce responsibly, respecting the balance between economic and environmental sustainability. Each fruit reflects our producers' commitment to conscientious farming practices and excellence in every harvest.<\/p>","protected":false},"excerpt":{"rendered":"<p>A fruta que fornecemos nasce em condi\u00e7\u00f5es ideais de solo, clima e temperatura \u2014 fatores naturais que elevam os padr\u00f5es de sabor, frescura e qualidade. Produzimos com responsabilidade, respeitando o equil\u00edbrio entre a sustentabilidade econ\u00f3mica e ambiental. Cada fruto reflete o compromisso dos nossos produtores com pr\u00e1ticas agr\u00edcolas conscientes e com a excel\u00eancia em cada [&hellip;]<\/p>","protected":false},"author":1,"featured_media":1739,"parent":0,"menu_order":0,"comment_status":"closed","ping_status":"closed","template":"page-artigos.php","meta":{"_acf_changed":false,"footnotes":""},"class_list":["post-52","page","type-page","status-publish","has-post-thumbnail","hentry"],"acf":[],"yoast_head":"<!-- This site is optimized with the Yoast SEO plugin v24.9 - https:\/\/yoast.com\/wordpress\/plugins\/seo\/ -->\n<title>Comercializa\u00e7\u00e3o - Vouga Fruits<\/title>\n<meta name=\"robots\" content=\"index, follow, max-snippet:-1, max-image-preview:large, max-video-preview:-1\" \/>\n<link rel=\"canonical\" href=\"https:\/\/vougafruits.pt\/en\/comercializacao\/\" \/>\n<meta property=\"og:locale\" content=\"en_GB\" \/>\n<meta property=\"og:type\" content=\"article\" \/>\n<meta property=\"og:title\" content=\"Comercializa\u00e7\u00e3o - Vouga Fruits\" \/>\n<meta property=\"og:description\" content=\"A fruta que fornecemos nasce em condi\u00e7\u00f5es ideais de solo, clima e temperatura \u2014 fatores naturais que elevam os padr\u00f5es de sabor, frescura e qualidade. Produzimos com responsabilidade, respeitando o equil\u00edbrio entre a sustentabilidade econ\u00f3mica e ambiental. Cada fruto reflete o compromisso dos nossos produtores com pr\u00e1ticas agr\u00edcolas conscientes e com a excel\u00eancia em cada [&hellip;]\" \/>\n<meta property=\"og:url\" content=\"https:\/\/vougafruits.pt\/en\/comercializacao\/\" \/>\n<meta property=\"og:site_name\" content=\"Vouga Fruits\" \/>\n<meta property=\"article:modified_time\" content=\"2025-04-29T10:45:42+00:00\" \/>\n<meta property=\"og:image\" content=\"https:\/\/vougafruits.pt\/wp-content\/uploads\/2025\/04\/vougafruits-europa.png\" \/>\n\t<meta property=\"og:image:width\" content=\"2366\" \/>\n\t<meta property=\"og:image:height\" content=\"1974\" \/>\n\t<meta property=\"og:image:type\" content=\"image\/png\" \/>\n<meta name=\"twitter:card\" content=\"summary_large_image\" \/>\n<meta name=\"twitter:label1\" content=\"Estimated reading time\" \/>\n\t<meta name=\"twitter:data1\" content=\"1 minute\" \/>\n<script type=\"application\/ld+json\" class=\"yoast-schema-graph\">{\"@context\":\"https:\/\/schema.org\",\"@graph\":[{\"@type\":\"WebPage\",\"@id\":\"https:\/\/vougafruits.pt\/comercializacao\/\",\"url\":\"https:\/\/vougafruits.pt\/comercializacao\/\",\"name\":\"Comercializa\u00e7\u00e3o - Vouga Fruits\",\"isPartOf\":{\"@id\":\"https:\/\/vougafruits.pt\/#website\"},\"primaryImageOfPage\":{\"@id\":\"https:\/\/vougafruits.pt\/comercializacao\/#primaryimage\"},\"image\":{\"@id\":\"https:\/\/vougafruits.pt\/comercializacao\/#primaryimage\"},\"thumbnailUrl\":\"https:\/\/vougafruits.pt\/wp-content\/uploads\/2025\/04\/vougafruits-europa.png\",\"datePublished\":\"2024-06-20T15:31:05+00:00\",\"dateModified\":\"2025-04-29T10:45:42+00:00\",\"breadcrumb\":{\"@id\":\"https:\/\/vougafruits.pt\/comercializacao\/#breadcrumb\"},\"inLanguage\":\"en-GB\",\"potentialAction\":[{\"@type\":\"ReadAction\",\"target\":[\"https:\/\/vougafruits.pt\/comercializacao\/\"]}]},{\"@type\":\"ImageObject\",\"inLanguage\":\"en-GB\",\"@id\":\"https:\/\/vougafruits.pt\/comercializacao\/#primaryimage\",\"url\":\"https:\/\/vougafruits.pt\/wp-content\/uploads\/2025\/04\/vougafruits-europa.png\",\"contentUrl\":\"https:\/\/vougafruits.pt\/wp-content\/uploads\/2025\/04\/vougafruits-europa.png\",\"width\":2366,\"height\":1974},{\"@type\":\"BreadcrumbList\",\"@id\":\"https:\/\/vougafruits.pt\/comercializacao\/#breadcrumb\",\"itemListElement\":[{\"@type\":\"ListItem\",\"position\":1,\"name\":\"In\u00edcio\",\"item\":\"https:\/\/vougafruits.pt\/\"},{\"@type\":\"ListItem\",\"position\":2,\"name\":\"Comercializa\u00e7\u00e3o\"}]},{\"@type\":\"WebSite\",\"@id\":\"https:\/\/vougafruits.pt\/#website\",\"url\":\"https:\/\/vougafruits.pt\/\",\"name\":\"Vouga Fruits\",\"description\":\"A sua fruta em boas m\u00e3os\",\"publisher\":{\"@id\":\"https:\/\/vougafruits.pt\/#organization\"},\"potentialAction\":[{\"@type\":\"SearchAction\",\"target\":{\"@type\":\"EntryPoint\",\"urlTemplate\":\"https:\/\/vougafruits.pt\/?s={search_term_string}\"},\"query-input\":{\"@type\":\"PropertyValueSpecification\",\"valueRequired\":true,\"valueName\":\"search_term_string\"}}],\"inLanguage\":\"en-GB\"},{\"@type\":\"Organization\",\"@id\":\"https:\/\/vougafruits.pt\/#organization\",\"name\":\"Vouga Fruits\",\"url\":\"https:\/\/vougafruits.pt\/\",\"logo\":{\"@type\":\"ImageObject\",\"inLanguage\":\"en-GB\",\"@id\":\"https:\/\/vougafruits.pt\/#\/schema\/logo\/image\/\",\"url\":\"https:\/\/vougafruits.pt\/wp-content\/uploads\/2025\/04\/Logo.svg\",\"contentUrl\":\"https:\/\/vougafruits.pt\/wp-content\/uploads\/2025\/04\/Logo.svg\",\"caption\":\"Vouga Fruits\"},\"image\":{\"@id\":\"https:\/\/vougafruits.pt\/#\/schema\/logo\/image\/\"}}]}<\/script>\n<!-- \/ Yoast SEO plugin. -->","yoast_head_json":{"title":"Comercializa\u00e7\u00e3o - Vouga Fruits","robots":{"index":"index","follow":"follow","max-snippet":"max-snippet:-1","max-image-preview":"max-image-preview:large","max-video-preview":"max-video-preview:-1"},"canonical":"https:\/\/vougafruits.pt\/en\/comercializacao\/","og_locale":"en_GB","og_type":"article","og_title":"Comercializa\u00e7\u00e3o - Vouga Fruits","og_description":"A fruta que fornecemos nasce em condi\u00e7\u00f5es ideais de solo, clima e temperatura \u2014 fatores naturais que elevam os padr\u00f5es de sabor, frescura e qualidade. Produzimos com responsabilidade, respeitando o equil\u00edbrio entre a sustentabilidade econ\u00f3mica e ambiental. Cada fruto reflete o compromisso dos nossos produtores com pr\u00e1ticas agr\u00edcolas conscientes e com a excel\u00eancia em cada [&hellip;]","og_url":"https:\/\/vougafruits.pt\/en\/comercializacao\/","og_site_name":"Vouga Fruits","article_modified_time":"2025-04-29T10:45:42+00:00","og_image":[{"width":2366,"height":1974,"url":"https:\/\/vougafruits.pt\/wp-content\/uploads\/2025\/04\/vougafruits-europa.png","type":"image\/png"}],"twitter_card":"summary_large_image","twitter_misc":{"Estimated reading time":"1 minute"},"schema":{"@context":"https:\/\/schema.org","@graph":[{"@type":"WebPage","@id":"https:\/\/vougafruits.pt\/comercializacao\/","url":"https:\/\/vougafruits.pt\/comercializacao\/","name":"Comercializa\u00e7\u00e3o - Vouga Fruits","isPartOf":{"@id":"https:\/\/vougafruits.pt\/#website"},"primaryImageOfPage":{"@id":"https:\/\/vougafruits.pt\/comercializacao\/#primaryimage"},"image":{"@id":"https:\/\/vougafruits.pt\/comercializacao\/#primaryimage"},"thumbnailUrl":"https:\/\/vougafruits.pt\/wp-content\/uploads\/2025\/04\/vougafruits-europa.png","datePublished":"2024-06-20T15:31:05+00:00","dateModified":"2025-04-29T10:45:42+00:00","breadcrumb":{"@id":"https:\/\/vougafruits.pt\/comercializacao\/#breadcrumb"},"inLanguage":"en-GB","potentialAction":[{"@type":"ReadAction","target":["https:\/\/vougafruits.pt\/comercializacao\/"]}]},{"@type":"ImageObject","inLanguage":"en-GB","@id":"https:\/\/vougafruits.pt\/comercializacao\/#primaryimage","url":"https:\/\/vougafruits.pt\/wp-content\/uploads\/2025\/04\/vougafruits-europa.png","contentUrl":"https:\/\/vougafruits.pt\/wp-content\/uploads\/2025\/04\/vougafruits-europa.png","width":2366,"height":1974},{"@type":"BreadcrumbList","@id":"https:\/\/vougafruits.pt\/comercializacao\/#breadcrumb","itemListElement":[{"@type":"ListItem","position":1,"name":"In\u00edcio","item":"https:\/\/vougafruits.pt\/"},{"@type":"ListItem","position":2,"name":"Comercializa\u00e7\u00e3o"}]},{"@type":"WebSite","@id":"https:\/\/vougafruits.pt\/#website","url":"https:\/\/vougafruits.pt\/","name":"Vouga Fruits","description":"A sua fruta em boas m\u00e3os","publisher":{"@id":"https:\/\/vougafruits.pt\/#organization"},"potentialAction":[{"@type":"SearchAction","target":{"@type":"EntryPoint","urlTemplate":"https:\/\/vougafruits.pt\/?s={search_term_string}"},"query-input":{"@type":"PropertyValueSpecification","valueRequired":true,"valueName":"search_term_string"}}],"inLanguage":"en-GB"},{"@type":"Organization","@id":"https:\/\/vougafruits.pt\/#organization","name":"Vouga Fruits","url":"https:\/\/vougafruits.pt\/","logo":{"@type":"ImageObject","inLanguage":"en-GB","@id":"https:\/\/vougafruits.pt\/#\/schema\/logo\/image\/","url":"https:\/\/vougafruits.pt\/wp-content\/uploads\/2025\/04\/Logo.svg","contentUrl":"https:\/\/vougafruits.pt\/wp-content\/uploads\/2025\/04\/Logo.svg","caption":"Vouga Fruits"},"image":{"@id":"https:\/\/vougafruits.pt\/#\/schema\/logo\/image\/"}}]}},"_links":{"self":[{"href":"https:\/\/vougafruits.pt\/en\/wp-json\/wp\/v2\/pages\/52","targetHints":{"allow":["GET"]}}],"collection":[{"href":"https:\/\/vougafruits.pt\/en\/wp-json\/wp\/v2\/pages"}],"about":[{"href":"https:\/\/vougafruits.pt\/en\/wp-json\/wp\/v2\/types\/page"}],"author":[{"embeddable":true,"href":"https:\/\/vougafruits.pt\/en\/wp-json\/wp\/v2\/users\/1"}],"replies":[{"embeddable":true,"href":"https:\/\/vougafruits.pt\/en\/wp-json\/wp\/v2\/comments?post=52"}],"version-history":[{"count":61,"href":"https:\/\/vougafruits.pt\/en\/wp-json\/wp\/v2\/pages\/52\/revisions"}],"predecessor-version":[{"id":1852,"href":"https:\/\/vougafruits.pt\/en\/wp-json\/wp\/v2\/pages\/52\/revisions\/1852"}],"wp:featuredmedia":[{"embeddable":true,"href":"https:\/\/vougafruits.pt\/en\/wp-json\/wp\/v2\/media\/1739"}],"wp:attachment":[{"href":"https:\/\/vougafruits.pt\/en\/wp-json\/wp\/v2\/media?parent=52"}],"curies":[{"name":"wp","href":"https:\/\/api.w.org\/{rel}","templated":true}]}}